{"id":1069,"date":"2022-04-20T10:33:34","date_gmt":"2022-04-20T15:33:34","guid":{"rendered":"https:\/\/recreartemx.com\/?post_type=product&#038;p=1069"},"modified":"2023-05-09T13:37:40","modified_gmt":"2023-05-09T18:37:40","slug":"programacion-neurolinguistica","status":"publish","type":"product","link":"https:\/\/recreartemx.com\/index.php\/product\/programacion-neurolinguistica\/","title":{"rendered":"Programaci\u00f3n Neuroling\u00fc\u00edstica"},"content":{"rendered":"<p><img decoding=\"async\" class=\"lazyload aligncenter size-full wp-image-1150\" src=\"http:\/\/recreartemx.com\/wp-content\/uploads\/2022\/10\/PNL-junio-scaled.jpg\" data-orig-src=\"http:\/\/recreartemx.com\/wp-content\/uploads\/2022\/10\/PNL-junio-scaled.jpg\" alt=\"\" width=\"2543\" height=\"2560\" srcset=\"data:image\/svg+xml,%3Csvg%20xmlns%3D%27http%3A%2F%2Fwww.w3.org%2F2000%2Fsvg%27%20width%3D%272543%27%20height%3D%272560%27%20viewBox%3D%270%200%202543%202560%27%3E%3Crect%20width%3D%272543%27%20height%3D%2732560%27%20fill-opacity%3D%220%22%2F%3E%3C%2Fsvg%3E\" data-srcset=\"https:\/\/recreartemx.com\/wp-content\/uploads\/2022\/10\/PNL-junio-66x66.jpg 66w, https:\/\/recreartemx.com\/wp-content\/uploads\/2022\/10\/PNL-junio-100x100.jpg 100w, https:\/\/recreartemx.com\/wp-content\/uploads\/2022\/10\/PNL-junio-150x150.jpg 150w, https:\/\/recreartemx.com\/wp-content\/uploads\/2022\/10\/PNL-junio-200x201.jpg 200w, https:\/\/recreartemx.com\/wp-content\/uploads\/2022\/10\/PNL-junio-298x300.jpg 298w, https:\/\/recreartemx.com\/wp-content\/uploads\/2022\/10\/PNL-junio-400x403.jpg 400w, https:\/\/recreartemx.com\/wp-content\/uploads\/2022\/10\/PNL-junio-500x503.jpg 500w, https:\/\/recreartemx.com\/wp-content\/uploads\/2022\/10\/PNL-junio-600x604.jpg 600w, https:\/\/recreartemx.com\/wp-content\/uploads\/2022\/10\/PNL-junio-700x705.jpg 700w, https:\/\/recreartemx.com\/wp-content\/uploads\/2022\/10\/PNL-junio-768x773.jpg 768w, https:\/\/recreartemx.com\/wp-content\/uploads\/2022\/10\/PNL-junio-800x805.jpg 800w, https:\/\/recreartemx.com\/wp-content\/uploads\/2022\/10\/PNL-junio-1017x1024.jpg 1017w, https:\/\/recreartemx.com\/wp-content\/uploads\/2022\/10\/PNL-junio-1200x1208.jpg 1200w, https:\/\/recreartemx.com\/wp-content\/uploads\/2022\/10\/PNL-junio-1526x1536.jpg 1526w, https:\/\/recreartemx.com\/wp-content\/uploads\/2022\/10\/PNL-junio-scaled.jpg 2543w\" data-sizes=\"auto\" data-orig-sizes=\"(max-width: 2543px) 100vw, 2543px\" \/><\/p>\n","protected":false},"excerpt":{"rendered":"","protected":false},"featured_media":1150,"comment_status":"open","ping_status":"closed","template":"","meta":{"_joinchat":[]},"_links":{"self":[{"href":"https:\/\/recreartemx.com\/index.php\/wp-json\/wp\/v2\/product\/1069"}],"collection":[{"href":"https:\/\/recreartemx.com\/index.php\/wp-json\/wp\/v2\/product"}],"about":[{"href":"https:\/\/recreartemx.com\/index.php\/wp-json\/wp\/v2\/types\/product"}],"replies":[{"embeddable":true,"href":"https:\/\/recreartemx.com\/index.php\/wp-json\/wp\/v2\/comments?post=1069"}],"wp:featuredmedia":[{"embeddable":true,"href":"https:\/\/recreartemx.com\/index.php\/wp-json\/wp\/v2\/media\/1150"}],"wp:attachment":[{"href":"https:\/\/recreartemx.com\/index.php\/wp-json\/wp\/v2\/media?parent=1069"}],"curies":[{"name":"wp","href":"https:\/\/api.w.org\/{rel}","templated":true}]}}